{"id":8174,"date":"2016-12-20T07:19:00","date_gmt":"2016-12-20T07:19:00","guid":{"rendered":"http:\/\/serviciopas.umh.es\/?page_id=8174"},"modified":"2026-01-30T14:55:06","modified_gmt":"2026-01-30T13:55:06","slug":"concurso-traslados","status":"publish","type":"page","link":"https:\/\/servicioptai.umh.es\/en\/convocatorias\/concurso-traslados\/","title":{"rendered":"<span lang=\"es\">(Espa\u00f1ol) Concurso Traslados<\/span>"},"content":{"rendered":"<p>* Resoluci\u00f3n de la Universidad Miguel Hern\u00e1ndez de Elche, por la que se convoca concurso, para la asignaci\u00f3n de funciones correspondientes al puesto de Especialista T\u00e9cnico Inform\u00e1tico, Administraci\u00f3n Especial. Ref.0215\/18 <a href=\"https:\/\/serviciopas.umh.es\/2018\/01\/25\/concurso-asignacion-de-funciones-especialista-tecnico-informatico-ref-021518\/\">M\u00e1s Informaci\u00f3n<\/a><\/p>","protected":false},"excerpt":{"rendered":"<p>* Resoluci\u00f3n de la Universidad Miguel Hern\u00e1ndez de Elche, por la que se convoca concurso, para la asignaci\u00f3n de funciones correspondientes al puesto de Especialista T\u00e9cnico Inform\u00e1tico, Administraci\u00f3n Especial. Ref.0215\/18 M\u00e1s Informaci\u00f3n<\/p>\n","protected":false},"author":3459,"featured_media":0,"parent":28077,"menu_order":13,"comment_status":"closed","ping_status":"closed","template":"","meta":{"_links_to":"","_links_to_target":""},"_links":{"self":[{"href":"https:\/\/servicioptai.umh.es\/en\/wp-json\/wp\/v2\/pages\/8174"}],"collection":[{"href":"https:\/\/servicioptai.umh.es\/en\/wp-json\/wp\/v2\/pages"}],"about":[{"href":"https:\/\/servicioptai.umh.es\/en\/wp-json\/wp\/v2\/types\/page"}],"author":[{"embeddable":true,"href":"https:\/\/servicioptai.umh.es\/en\/wp-json\/wp\/v2\/users\/3459"}],"replies":[{"embeddable":true,"href":"https:\/\/servicioptai.umh.es\/en\/wp-json\/wp\/v2\/comments?post=8174"}],"version-history":[{"count":0,"href":"https:\/\/servicioptai.umh.es\/en\/wp-json\/wp\/v2\/pages\/8174\/revisions"}],"up":[{"embeddable":true,"href":"https:\/\/servicioptai.umh.es\/en\/wp-json\/wp\/v2\/pages\/28077"}],"wp:attachment":[{"href":"https:\/\/servicioptai.umh.es\/en\/wp-json\/wp\/v2\/media?parent=8174"}],"curies":[{"name":"wp","href":"https:\/\/api.w.org\/{rel}","templated":true}]}}