{"id":7996,"date":"2016-11-16T10:23:39","date_gmt":"2016-11-16T10:23:39","guid":{"rendered":"http:\/\/serviciopas.umh.es\/?page_id=7996"},"modified":"2025-01-29T09:55:27","modified_gmt":"2025-01-29T08:55:27","slug":"seleccion-personal","status":"publish","type":"page","link":"https:\/\/servicioptai.umh.es\/en\/convocatorias\/seleccion-personal\/","title":{"rendered":"Ofertas laborales y creaci\u00f3n de bolsa de trabajo"},"content":{"rendered":"<p>*Resoluci\u00f3n de la Universidad Miguel Hern\u00e1ndez de Elche, por la que se convoca procedimiento espec\u00edfico para la selecci\u00f3n de una plaza de la escala t\u00e9cnica b\u00e1sica de comunicaci\u00f3n, subgrupo C1, Ref.0235\/18<a href=\"https:\/\/serviciopas.umh.es\/2018\/01\/30\/convocatoria-seleccion-personal-especialista-tecnico-de-comunicacion-perfil-disenador-grafico-ref-023518\/\"> M\u00e1s informaci\u00f3n<\/a><br \/>\n * Resoluci\u00f3n de la Universidad Miguel Hern\u00e1ndez de Elche, por la que se convoca procedimiento espec\u00edfico para la selecci\u00f3n de una plaza de la escala t\u00e9cnica media de gesti\u00f3n deportiva, subgrupo A2, Ref.0236\/18 <a href=\"https:\/\/serviciopas.umh.es\/2018\/01\/30\/convocatoria-seleccion-personal-laboral-tecnico-medio-deportivo-ref-023618\/\">M\u00e1s informaci\u00f3n<\/a><br \/>\n*Resoluci\u00f3n de la Universidad Miguel Hern\u00e1ndez de Elche, por la que se convoca procedimiento espec\u00edfico para la selecci\u00f3n de una plaza de la escala t\u00e9cnica b\u00e1sica deportiva, subgrupo C1, Ref.0237\/18<a href=\"https:\/\/serviciopas.umh.es\/2018\/01\/30\/convocatoria-seleccion-personal-especialista-tecnico-deportivo-ref-023718\/\">.M\u00e1s informaci\u00f3n<\/a><br \/>\n* Resoluci\u00f3n de la Universidad Miguel Hern\u00e1ndez de Elche, por la que se convoca procedimiento espec\u00edfico para la selecci\u00f3n de una plaza de la escala t\u00e9cnica b\u00e1sica de laboratorios, subgrupo C1, Ref.0238\/18 <a href=\"https:\/\/serviciopas.umh.es\/2018\/01\/30\/convocatoria-seleccion-personal-laboral-especialista-tecnico-de-laboratorio-ref-023818\/\">M\u00e1s informaci\u00f3n<\/a><br \/>\n*Resoluci\u00f3n de la Universidad Miguel Hern\u00e1ndez de Elche, por la que se convoca procedimiento espec\u00edfico para la selecci\u00f3n de una plaza de la escala t\u00e9cnica b\u00e1sica de comunicaci\u00f3n, subgrupo C1, Ref.0240\/18 <a href=\"https:\/\/serviciopas.umh.es\/2018\/01\/30\/convocatoria-seleccion-personal-laboral-especialista-tecnico-de-comunicacion-perfil-tv-ref-024018\/\">M\u00e1s informaci\u00f3n<\/a><br \/>\n* Resoluci\u00f3n de la Universidad Miguel Hern\u00e1ndez de Elche, por la que se convoca procedimiento espec\u00edfico para la selecci\u00f3n de una plaza de la escala t\u00e9cnica b\u00e1sica de comunicaci\u00f3n, subgrupo C1, Ref.0241\/18<a href=\"https:\/\/serviciopas.umh.es\/2018\/01\/30\/convocatoria-seleccion-personal-laboral-especialista-tecnico-de-comunicacion-perfil-radio-ref-024118\/\"> M\u00e1s informaci\u00f3n<\/a><br \/>\n* Resoluci\u00f3n de la Universidad Miguel Hern\u00e1ndez de Elche, por la que se convoca procedimiento espec\u00edfico para la selecci\u00f3n de una plaza de la escala t\u00e9cnica superior jur\u00eddica, subgrupo A1, Ref.0243\/17 <a href=\"https:\/\/serviciopas.umh.es\/2018\/01\/30\/convocatoria-seleccion-personal-laboral-tecnico-juridico-ref-024318\/\">M\u00e1s informaci\u00f3n<\/a><br \/>\n<\/p>","protected":false},"excerpt":{"rendered":"<p>*Resoluci\u00f3n de la Universidad Miguel Hern\u00e1ndez de Elche, por la que se convoca procedimiento espec\u00edfico para la selecci\u00f3n de una plaza de la escala t\u00e9cnica b\u00e1sica de comunicaci\u00f3n, subgrupo C1, Ref.0235\/18 M\u00e1s informaci\u00f3n<br \/>\n * Resoluci\u00f3n de la Universidad Miguel Hern\u00e1ndez de Elche, por la que se convoca procedimiento espec\u00edfico para la selecci\u00f3n de una plaza [&#8230;]<\/p>\n","protected":false},"author":381,"featured_media":0,"parent":28077,"menu_order":4,"comment_status":"closed","ping_status":"closed","template":"","meta":{"_links_to":"","_links_to_target":""},"_links":{"self":[{"href":"https:\/\/servicioptai.umh.es\/en\/wp-json\/wp\/v2\/pages\/7996"}],"collection":[{"href":"https:\/\/servicioptai.umh.es\/en\/wp-json\/wp\/v2\/pages"}],"about":[{"href":"https:\/\/servicioptai.umh.es\/en\/wp-json\/wp\/v2\/types\/page"}],"author":[{"embeddable":true,"href":"https:\/\/servicioptai.umh.es\/en\/wp-json\/wp\/v2\/users\/381"}],"replies":[{"embeddable":true,"href":"https:\/\/servicioptai.umh.es\/en\/wp-json\/wp\/v2\/comments?post=7996"}],"version-history":[{"count":0,"href":"https:\/\/servicioptai.umh.es\/en\/wp-json\/wp\/v2\/pages\/7996\/revisions"}],"up":[{"embeddable":true,"href":"https:\/\/servicioptai.umh.es\/en\/wp-json\/wp\/v2\/pages\/28077"}],"wp:attachment":[{"href":"https:\/\/servicioptai.umh.es\/en\/wp-json\/wp\/v2\/media?parent=7996"}],"curies":[{"name":"wp","href":"https:\/\/api.w.org\/{rel}","templated":true}]}}