{"id":44404,"date":"2025-10-01T12:49:21","date_gmt":"2025-10-01T10:49:21","guid":{"rendered":"https:\/\/servicioptai.umh.es\/?page_id=44404"},"modified":"2026-03-04T09:20:20","modified_gmt":"2026-03-04T08:20:20","slug":"concurso-de-meritos-servicio-de-biblioteca-seccion-campus-de-sant-joan-dalacant-referencia-25-142131","status":"publish","type":"page","link":"https:\/\/servicioptai.umh.es\/en\/convocatorias\/concurso-de-meritos\/concurso-de-meritos-servicio-de-biblioteca-seccion-campus-de-sant-joan-dalacant-referencia-25-142131\/","title":{"rendered":"<span lang=\"es\">(Espa\u00f1ol) Concurso de m\u00e9ritos Servicio de Biblioteca-Secci\u00f3n Campus de Sant Joan d&#8217;Alacant, referencia 25\/142131<\/span>"},"content":{"rendered":"<p class=\"qtranxs-available-languages-message qtranxs-available-languages-message-en\">Sorry, this entry is only available in <a href=\"https:\/\/servicioptai.umh.es\/es\/wp-json\/wp\/v2\/pages\/44404\" class=\"qtranxs-available-language-link qtranxs-available-language-link-es\" title=\"Espa\u00f1ol\">European Spanish<\/a>.<\/p>","protected":false},"excerpt":{"rendered":"<p>Sorry, this entry is only available in European Spanish.<\/p>\n","protected":false},"author":304,"featured_media":0,"parent":7992,"menu_order":0,"comment_status":"closed","ping_status":"closed","template":"","meta":{"_links_to":"","_links_to_target":""},"_links":{"self":[{"href":"https:\/\/servicioptai.umh.es\/en\/wp-json\/wp\/v2\/pages\/44404"}],"collection":[{"href":"https:\/\/servicioptai.umh.es\/en\/wp-json\/wp\/v2\/pages"}],"about":[{"href":"https:\/\/servicioptai.umh.es\/en\/wp-json\/wp\/v2\/types\/page"}],"author":[{"embeddable":true,"href":"https:\/\/servicioptai.umh.es\/en\/wp-json\/wp\/v2\/users\/304"}],"replies":[{"embeddable":true,"href":"https:\/\/servicioptai.umh.es\/en\/wp-json\/wp\/v2\/comments?post=44404"}],"version-history":[{"count":0,"href":"https:\/\/servicioptai.umh.es\/en\/wp-json\/wp\/v2\/pages\/44404\/revisions"}],"up":[{"embeddable":true,"href":"https:\/\/servicioptai.umh.es\/en\/wp-json\/wp\/v2\/pages\/7992"}],"wp:attachment":[{"href":"https:\/\/servicioptai.umh.es\/en\/wp-json\/wp\/v2\/media?parent=44404"}],"curies":[{"name":"wp","href":"https:\/\/api.w.org\/{rel}","templated":true}]}}