{"id":42884,"date":"2025-02-17T11:32:54","date_gmt":"2025-02-17T10:32:54","guid":{"rendered":"https:\/\/servicioptgas-pi.umh.es\/?page_id=42884"},"modified":"2025-11-19T08:37:06","modified_gmt":"2025-11-19T07:37:06","slug":"promocion-interna-para-el-acceso-a-la-escala-tecnica-basica-de-diseccion-referencia-25-10802","status":"publish","type":"page","link":"https:\/\/servicioptai.umh.es\/en\/convocatorias\/promocion-interna\/promocion-interna-para-el-acceso-a-la-escala-tecnica-basica-de-diseccion-referencia-25-10802\/","title":{"rendered":"<span lang=\"es\">(Espa\u00f1ol) Promoci\u00f3n interna para el acceso a la escala t\u00e9cnica b\u00e1sica de disecci\u00f3n, referencia 25\/10802<\/span>"},"content":{"rendered":"<p class=\"qtranxs-available-languages-message qtranxs-available-languages-message-en\">Sorry, this entry is only available in <a href=\"https:\/\/servicioptai.umh.es\/es\/wp-json\/wp\/v2\/pages\/42884\" class=\"qtranxs-available-language-link qtranxs-available-language-link-es\" title=\"Espa\u00f1ol\">European Spanish<\/a>.<\/p>","protected":false},"excerpt":{"rendered":"<p>Sorry, this entry is only available in European Spanish.<\/p>\n","protected":false},"author":304,"featured_media":0,"parent":30521,"menu_order":4,"comment_status":"closed","ping_status":"closed","template":"","meta":{"_links_to":"","_links_to_target":""},"_links":{"self":[{"href":"https:\/\/servicioptai.umh.es\/en\/wp-json\/wp\/v2\/pages\/42884"}],"collection":[{"href":"https:\/\/servicioptai.umh.es\/en\/wp-json\/wp\/v2\/pages"}],"about":[{"href":"https:\/\/servicioptai.umh.es\/en\/wp-json\/wp\/v2\/types\/page"}],"author":[{"embeddable":true,"href":"https:\/\/servicioptai.umh.es\/en\/wp-json\/wp\/v2\/users\/304"}],"replies":[{"embeddable":true,"href":"https:\/\/servicioptai.umh.es\/en\/wp-json\/wp\/v2\/comments?post=42884"}],"version-history":[{"count":0,"href":"https:\/\/servicioptai.umh.es\/en\/wp-json\/wp\/v2\/pages\/42884\/revisions"}],"up":[{"embeddable":true,"href":"https:\/\/servicioptai.umh.es\/en\/wp-json\/wp\/v2\/pages\/30521"}],"wp:attachment":[{"href":"https:\/\/servicioptai.umh.es\/en\/wp-json\/wp\/v2\/media?parent=42884"}],"curies":[{"name":"wp","href":"https:\/\/api.w.org\/{rel}","templated":true}]}}