{"id":35738,"date":"2022-09-26T14:47:31","date_gmt":"2022-09-26T12:47:31","guid":{"rendered":"https:\/\/serviciopas.umh.es\/?page_id=35738"},"modified":"2023-03-03T08:16:04","modified_gmt":"2023-03-03T07:16:04","slug":"seleccion-de-personal-de-la-escala-tecnica-media-de-estadistica-referencia-22-150188","status":"publish","type":"page","link":"https:\/\/servicioptai.umh.es\/en\/convocatorias\/seleccion-personal\/seleccion-de-personal-de-la-escala-tecnica-media-de-estadistica-referencia-22-150188\/","title":{"rendered":"<span lang=\"es\">(Espa\u00f1ol) Selecci\u00f3n de personal de la Escala T\u00e9cnica Media de Estad\u00edstica, Referencia 22\/150188<\/span>"},"content":{"rendered":"<p class=\"qtranxs-available-languages-message qtranxs-available-languages-message-en\">Sorry, this entry is only available in <a href=\"https:\/\/servicioptai.umh.es\/es\/wp-json\/wp\/v2\/pages\/35738\" class=\"qtranxs-available-language-link qtranxs-available-language-link-es\" title=\"Espa\u00f1ol\">European Spanish<\/a>.<\/p>","protected":false},"excerpt":{"rendered":"<p>Sorry, this entry is only available in European Spanish.<\/p>\n","protected":false},"author":4265,"featured_media":0,"parent":7996,"menu_order":0,"comment_status":"closed","ping_status":"closed","template":"","meta":{"_links_to":"","_links_to_target":""},"_links":{"self":[{"href":"https:\/\/servicioptai.umh.es\/en\/wp-json\/wp\/v2\/pages\/35738"}],"collection":[{"href":"https:\/\/servicioptai.umh.es\/en\/wp-json\/wp\/v2\/pages"}],"about":[{"href":"https:\/\/servicioptai.umh.es\/en\/wp-json\/wp\/v2\/types\/page"}],"author":[{"embeddable":true,"href":"https:\/\/servicioptai.umh.es\/en\/wp-json\/wp\/v2\/users\/4265"}],"replies":[{"embeddable":true,"href":"https:\/\/servicioptai.umh.es\/en\/wp-json\/wp\/v2\/comments?post=35738"}],"version-history":[{"count":0,"href":"https:\/\/servicioptai.umh.es\/en\/wp-json\/wp\/v2\/pages\/35738\/revisions"}],"up":[{"embeddable":true,"href":"https:\/\/servicioptai.umh.es\/en\/wp-json\/wp\/v2\/pages\/7996"}],"wp:attachment":[{"href":"https:\/\/servicioptai.umh.es\/en\/wp-json\/wp\/v2\/media?parent=35738"}],"curies":[{"name":"wp","href":"https:\/\/api.w.org\/{rel}","templated":true}]}}