{"id":29180,"date":"2021-01-15T09:58:53","date_gmt":"2021-01-15T08:58:53","guid":{"rendered":"https:\/\/serviciopas.umh.es\/?page_id=29180"},"modified":"2024-02-27T15:38:24","modified_gmt":"2024-02-27T14:38:24","slug":"informacion-proteccion-datos-normativa-permisos-y-licencias-pas","status":"publish","type":"page","link":"https:\/\/servicioptai.umh.es\/en\/unidad-pas\/calendario-laboral-pas\/informacion-proteccion-datos-normativa-permisos-y-licencias-pas\/","title":{"rendered":"<span lang=\"es\">(Espa\u00f1ol) Informaci\u00f3n protecci\u00f3n datos Normativa Permisos y Licencias PTGAS<\/span>"},"content":{"rendered":"<p class=\"qtranxs-available-languages-message qtranxs-available-languages-message-en\">Sorry, this entry is only available in <a href=\"https:\/\/servicioptai.umh.es\/es\/wp-json\/wp\/v2\/pages\/29180\" class=\"qtranxs-available-language-link qtranxs-available-language-link-es\" title=\"Espa\u00f1ol\">European Spanish<\/a>.<\/p>","protected":false},"excerpt":{"rendered":"<p>Sorry, this entry is only available in European Spanish.<\/p>\n","protected":false},"author":133,"featured_media":0,"parent":274,"menu_order":2,"comment_status":"closed","ping_status":"closed","template":"","meta":{"_links_to":"","_links_to_target":""},"_links":{"self":[{"href":"https:\/\/servicioptai.umh.es\/en\/wp-json\/wp\/v2\/pages\/29180"}],"collection":[{"href":"https:\/\/servicioptai.umh.es\/en\/wp-json\/wp\/v2\/pages"}],"about":[{"href":"https:\/\/servicioptai.umh.es\/en\/wp-json\/wp\/v2\/types\/page"}],"author":[{"embeddable":true,"href":"https:\/\/servicioptai.umh.es\/en\/wp-json\/wp\/v2\/users\/133"}],"replies":[{"embeddable":true,"href":"https:\/\/servicioptai.umh.es\/en\/wp-json\/wp\/v2\/comments?post=29180"}],"version-history":[{"count":0,"href":"https:\/\/servicioptai.umh.es\/en\/wp-json\/wp\/v2\/pages\/29180\/revisions"}],"up":[{"embeddable":true,"href":"https:\/\/servicioptai.umh.es\/en\/wp-json\/wp\/v2\/pages\/274"}],"wp:attachment":[{"href":"https:\/\/servicioptai.umh.es\/en\/wp-json\/wp\/v2\/media?parent=29180"}],"curies":[{"name":"wp","href":"https:\/\/api.w.org\/{rel}","templated":true}]}}