{"id":8337,"date":"2017-01-30T13:09:00","date_gmt":"2017-01-30T13:09:00","guid":{"rendered":"http:\/\/serviciopas.umh.es\/?page_id=8337"},"modified":"2026-01-27T13:15:05","modified_gmt":"2026-01-27T12:15:05","slug":"convocatoria-formacion","status":"publish","type":"page","link":"https:\/\/servicioptai.umh.es\/ca\/unidad-pas\/formacion-del-pas\/convocatoria-formacion\/","title":{"rendered":"<span lang=\"es\">(Espa\u00f1ol) Convocatoria Formaci\u00f3n 2026 (Financiaci\u00f3n Gerencia)<\/span>"},"content":{"rendered":"<p><\/p>\n<p>&nbsp;<\/p>","protected":false},"excerpt":{"rendered":"<p>&nbsp;<\/p>\n","protected":false},"author":382,"featured_media":0,"parent":5432,"menu_order":5,"comment_status":"closed","ping_status":"closed","template":"","meta":{"_links_to":"","_links_to_target":""},"_links":{"self":[{"href":"https:\/\/servicioptai.umh.es\/ca\/wp-json\/wp\/v2\/pages\/8337"}],"collection":[{"href":"https:\/\/servicioptai.umh.es\/ca\/wp-json\/wp\/v2\/pages"}],"about":[{"href":"https:\/\/servicioptai.umh.es\/ca\/wp-json\/wp\/v2\/types\/page"}],"author":[{"embeddable":true,"href":"https:\/\/servicioptai.umh.es\/ca\/wp-json\/wp\/v2\/users\/382"}],"replies":[{"embeddable":true,"href":"https:\/\/servicioptai.umh.es\/ca\/wp-json\/wp\/v2\/comments?post=8337"}],"version-history":[{"count":0,"href":"https:\/\/servicioptai.umh.es\/ca\/wp-json\/wp\/v2\/pages\/8337\/revisions"}],"up":[{"embeddable":true,"href":"https:\/\/servicioptai.umh.es\/ca\/wp-json\/wp\/v2\/pages\/5432"}],"wp:attachment":[{"href":"https:\/\/servicioptai.umh.es\/ca\/wp-json\/wp\/v2\/media?parent=8337"}],"curies":[{"name":"wp","href":"https:\/\/api.w.org\/{rel}","templated":true}]}}