{"id":44981,"date":"2026-01-12T09:44:28","date_gmt":"2026-01-12T08:44:28","guid":{"rendered":"https:\/\/servicioptai.umh.es\/?page_id=44981"},"modified":"2026-04-17T14:37:49","modified_gmt":"2026-04-17T12:37:49","slug":"concurso-de-meritos-servicio-de-gestion-de-estudios-referencia-25-198399","status":"publish","type":"page","link":"https:\/\/servicioptai.umh.es\/ca\/convocatorias\/concurso-de-meritos\/concurso-de-meritos-servicio-de-gestion-de-estudios-referencia-25-198399\/","title":{"rendered":"Concurs de m\u00e8rits Servei de Gesti\u00f3 d&#8217;Estudis, refer\u00e8ncia 25\/198399"},"content":{"rendered":"<p><span dir=\"auto\" style=\"vertical-align: inherit\"><span dir=\"auto\" style=\"vertical-align: inherit\">RESOLUCI\u00d3 de 3 de desembre de 2025, per la qual es convoca un concurs de m\u00e8rits per a la provisi\u00f3 del lloc de treball del grup A, subgrup A1\/A2, amb destinaci\u00f3 al Servei de Gesti\u00f3 d&#8217;Estudis, refer\u00e8ncia 25\/198399<\/span><\/span><\/p>\n<p><a href=\"https:\/\/dogv.gva.es\/es\/resultat-dogv?signatura=2025\/51762\" target=\"_blank\" rel=\"noopener\"><span dir=\"auto\" style=\"vertical-align: inherit\"><span dir=\"auto\" style=\"vertical-align: inherit\">Publicaci\u00f3 de les bases al Diari Oficial de la Generalitat Valenciana<\/span><\/span><\/a><img loading=\"lazy\" class=\"alignnone\" src=\"https:\/\/serviciopas.umh.es\/files\/2021\/06\/abre-en-nueva-ventana.png\" alt=\"(obriu en nova finestra)\" width=\"15\" height=\"15\" \/><span dir=\"auto\" style=\"vertical-align: inherit\"><span dir=\"auto\" style=\"vertical-align: inherit\"> en data 12 de gener de 2026<\/span><\/span><\/p>\n<p><strong><span dir=\"auto\" style=\"vertical-align: inherit\"><span dir=\"auto\" style=\"vertical-align: inherit\">Termini de presentaci\u00f3 d&#8217;inst\u00e0ncies:<\/span><\/span><\/strong><span dir=\"auto\" style=\"vertical-align: inherit\"><span dir=\"auto\" style=\"vertical-align: inherit\"> del 13 de gener al 2 de febrer del 2026, ambd\u00f3s inclosos, a trav\u00e9s de l&#8217;aplicaci\u00f3 <\/span><\/span><a href=\"https:\/\/universite.umh.es\/espacio-opositor\" target=\"_blank\" rel=\"noopener\"><span dir=\"auto\" style=\"vertical-align: inherit\"><span dir=\"auto\" style=\"vertical-align: inherit\">Espai opositor<\/span><\/span><\/a>\u00a0<a href=\"https:\/\/boumh.umh.es\/files\/2023\/07\/RR_02127_2023.pdf\" target=\"_blank\" rel=\"noopener\"><img loading=\"lazy\" class=\"alignnone wp-image-31436\" src=\"https:\/\/serviciopas.umh.es\/files\/2021\/06\/abre-en-nueva-ventana.png\" alt=\"(obriu en nova finestra)\" width=\"15\" height=\"15\" \/><\/a><\/p>\n<p><a href=\"https:\/\/www.youtube.com\/playlist?list=PLClKgnzRFYe5Stid-cTO6hcpZ7ncYblOV\" target=\"_blank\" rel=\"noopener\"><span dir=\"auto\" style=\"vertical-align: inherit\"><span dir=\"auto\" style=\"vertical-align: inherit\">V\u00eddeos d&#8217;ajuda Espai Opositor<\/span><\/span><\/a><a href=\"https:\/\/boumh.umh.es\/files\/2023\/07\/RR_02127_2023.pdf\" target=\"_blank\" rel=\"noopener\"><img loading=\"lazy\" class=\"alignnone wp-image-31436\" src=\"https:\/\/serviciopas.umh.es\/files\/2021\/06\/abre-en-nueva-ventana.png\" alt=\"(obriu en nova finestra)\" width=\"15\" height=\"15\" \/><\/a><\/p>\n<p><span dir=\"auto\" style=\"vertical-align: inherit\"><span dir=\"auto\" style=\"vertical-align: inherit\">Es prega als interessats en el procediment, que un cop hagin presentat la documentaci\u00f3 remetin a l&#8217;adre\u00e7a: servicioptai@umh.es en suport inform\u00e0tic el full d&#8217;autobaremaci\u00f3.<\/span><\/span><\/p>\n<p><a href=\"https:\/\/servicioptai.umh.es\/files\/2026\/01\/autobaremacion_conc-meritos_A1.A2_ASIMILADA75.xlsx\"><span dir=\"auto\" style=\"vertical-align: inherit\"><span dir=\"auto\" style=\"vertical-align: inherit\">autobaremaci\u00f3_conc meritos_A1.A2_ASIMILADA75<\/span><\/span><\/a><\/p>\n<h3><strong><span dir=\"auto\" style=\"vertical-align: inherit\"><span dir=\"auto\" style=\"vertical-align: inherit\">Llistes d&#8217;aspirants admesos i exclosos:<\/span><\/span><\/strong><\/h3>\n<ul>\n<li><a href=\"https:\/\/boumh.umh.es\/files\/2026\/02\/RR_00395_2026.pdf\" target=\"_blank\" rel=\"noopener\"><span dir=\"auto\" style=\"vertical-align: inherit\"><span dir=\"auto\" style=\"vertical-align: inherit\">Llistat provisional d&#8217;aspirants admesos i exclosos i comissi\u00f3 de valoraci\u00f3(PDF)<\/span><\/span><img loading=\"lazy\" class=\"alignnone\" src=\"https:\/\/serviciopas.umh.es\/files\/2021\/06\/abre-en-nueva-ventana.png\" alt=\"(obriu en nova finestra)\" width=\"15\" height=\"15\" \/><\/a><\/li>\n<li><a href=\"https:\/\/boumh.umh.es\/files\/2026\/03\/RR_00534_2026.pdf\" target=\"_blank\" rel=\"noopener\">Llistes definitives de persones admeses i excloses(PDF)<\/a><a href=\"https:\/\/boumh.umh.es\/files\/2026\/02\/RR_00397_2026.pdf\" target=\"_blank\" rel=\"noopener\"><img loading=\"lazy\" class=\"alignnone\" src=\"https:\/\/serviciopas.umh.es\/files\/2021\/06\/abre-en-nueva-ventana.png\" alt=\"(obriu en nova finestra)\" width=\"15\" height=\"15\" \/><\/a><\/li>\n<\/ul>\n<h3>Desenvolupament del procediment:<\/h3>\n<ul>\n<li><a href=\"https:\/\/boumh.umh.es\/files\/2026\/02\/ES_U05500001_2026_DOCH-0000000000000000000052507.pdf\" target=\"_blank\" rel=\"noopener\">Acta de constituci\u00f3 i criteris de valoraci\u00f3 i qualificaci\u00f3 de la prova(PDF)<\/a><a href=\"https:\/\/boumh.umh.es\/files\/2025\/09\/RR_02600_2025.pdf\" target=\"_blank\" rel=\"noopener\"><img loading=\"lazy\" class=\"alignnone\" src=\"https:\/\/serviciopas.umh.es\/files\/2021\/06\/abre-en-nueva-ventana.png\" alt=\"(abre en nueva ventana)\" width=\"15\" height=\"15\" \/><\/a><\/li>\n<li><a href=\"https:\/\/boumh.umh.es\/files\/2026\/03\/ES_U05500001_2026_DOCH-0000000000000000000070484.pdf\" target=\"_blank\" rel=\"noopener\">Acta de publicaci\u00f3 de la data del primer exercici de la prova pr\u00e0ctica (PDF)<\/a><a href=\"https:\/\/boumh.umh.es\/files\/2025\/09\/RR_02600_2025.pdf\" target=\"_blank\" rel=\"noopener\"><img loading=\"lazy\" class=\"alignnone\" src=\"https:\/\/serviciopas.umh.es\/files\/2021\/06\/abre-en-nueva-ventana.png\" alt=\"(abre en nueva ventana)\" width=\"15\" height=\"15\" \/><\/a><\/li>\n<li><a href=\"https:\/\/boumh.umh.es\/files\/2026\/03\/ES_U05500001_2026_DOCH-0000000000000000000070492.pdf\" target=\"_blank\" rel=\"noopener\">Acta de publicaci\u00f3 de la data del segon exercici de la prova pr\u00e0ctica (PDF)<\/a><a href=\"https:\/\/boumh.umh.es\/files\/2025\/09\/RR_02600_2025.pdf\" target=\"_blank\" rel=\"noopener\"><img loading=\"lazy\" class=\"alignnone\" src=\"https:\/\/serviciopas.umh.es\/files\/2021\/06\/abre-en-nueva-ventana.png\" alt=\"(abre en nueva ventana)\" width=\"15\" height=\"15\" \/><\/a><\/li>\n<li><a href=\"https:\/\/boumh.umh.es\/files\/2026\/03\/ES_U05500001_2026_DOCH-0000000000000000000085093.pdf\" target=\"_blank\" rel=\"noopener\">Acta de la prova pr\u00e0ctica(PDF)<\/a><a href=\"https:\/\/boumh.umh.es\/files\/2025\/09\/RR_02600_2025.pdf\" target=\"_blank\" rel=\"noopener\"><img loading=\"lazy\" class=\"alignnone\" src=\"https:\/\/serviciopas.umh.es\/files\/2021\/06\/abre-en-nueva-ventana.png\" alt=\"(abre en nueva ventana)\" width=\"15\" height=\"15\" \/><\/a><\/li>\n<li><a href=\"https:\/\/boumh.umh.es\/files\/2026\/03\/ES_U05500001_2026_DOCH-0000000000000000000085104.pdf\" target=\"_blank\" rel=\"noopener\">Acta de baremaci\u00f3 de m\u00e8rits(PDF)<\/a><a href=\"https:\/\/boumh.umh.es\/files\/2025\/09\/RR_02600_2025.pdf\" target=\"_blank\" rel=\"noopener\"><img loading=\"lazy\" class=\"alignnone\" src=\"https:\/\/serviciopas.umh.es\/files\/2021\/06\/abre-en-nueva-ventana.png\" alt=\"(abre en nueva ventana)\" width=\"15\" height=\"15\" \/><\/a><\/li>\n<li>Acta de proposta d&#8217;adjudicaci\u00f3 provisional(PDF)<\/li>\n<\/ul>\n<p>Termini de presentaci\u00f3 de reclamacions: del 16 al 29 d&#8217;abril de 2026<\/p>\n<p>&nbsp;<\/p>\n<p><strong><span dir=\"auto\" style=\"vertical-align: inherit\"><span dir=\"auto\" style=\"vertical-align: inherit\">Incid\u00e8ncies i dubtes:<\/span><\/span><\/strong><br \/>\n<span dir=\"auto\" style=\"vertical-align: inherit\"><span dir=\"auto\" style=\"vertical-align: inherit\"> Servei de Personal T\u00e8cnic, d&#8217;Administraci\u00f3 i Investigaci\u00f3<\/span><\/span><br \/>\n<span dir=\"auto\" style=\"vertical-align: inherit\"><span dir=\"auto\" style=\"vertical-align: inherit\">servicioptai@umh.es <\/span><\/span><br \/>\n<span dir=\"auto\" style=\"vertical-align: inherit\"><span dir=\"auto\" style=\"vertical-align: inherit\">Tel\u00e8fons: 966658772 &#8211; 965222296<\/span><\/span><\/p>","protected":false},"excerpt":{"rendered":"<p>RESOLUCI\u00d3 de 3 de desembre de 2025, per la qual es convoca un concurs de m\u00e8rits per a la provisi\u00f3 del lloc de treball del grup A, subgrup A1\/A2, amb destinaci\u00f3 al Servei de Gesti\u00f3 d&#8217;Estudis, refer\u00e8ncia 25\/198399<br \/>\nPublicaci\u00f3 de les bases al Diari Oficial de la Generalitat Valenciana en data 12 de gener de 2026<br \/>\nTermini [&#8230;]<\/p>\n","protected":false},"author":304,"featured_media":0,"parent":7992,"menu_order":0,"comment_status":"closed","ping_status":"closed","template":"","meta":{"_links_to":"","_links_to_target":""},"_links":{"self":[{"href":"https:\/\/servicioptai.umh.es\/ca\/wp-json\/wp\/v2\/pages\/44981"}],"collection":[{"href":"https:\/\/servicioptai.umh.es\/ca\/wp-json\/wp\/v2\/pages"}],"about":[{"href":"https:\/\/servicioptai.umh.es\/ca\/wp-json\/wp\/v2\/types\/page"}],"author":[{"embeddable":true,"href":"https:\/\/servicioptai.umh.es\/ca\/wp-json\/wp\/v2\/users\/304"}],"replies":[{"embeddable":true,"href":"https:\/\/servicioptai.umh.es\/ca\/wp-json\/wp\/v2\/comments?post=44981"}],"version-history":[{"count":0,"href":"https:\/\/servicioptai.umh.es\/ca\/wp-json\/wp\/v2\/pages\/44981\/revisions"}],"up":[{"embeddable":true,"href":"https:\/\/servicioptai.umh.es\/ca\/wp-json\/wp\/v2\/pages\/7992"}],"wp:attachment":[{"href":"https:\/\/servicioptai.umh.es\/ca\/wp-json\/wp\/v2\/media?parent=44981"}],"curies":[{"name":"wp","href":"https:\/\/api.w.org\/{rel}","templated":true}]}}