{"id":44638,"date":"2025-11-11T09:21:14","date_gmt":"2025-11-11T08:21:14","guid":{"rendered":"https:\/\/servicioptai.umh.es\/?page_id=44638"},"modified":"2026-03-04T13:46:31","modified_gmt":"2026-03-04T12:46:31","slug":"oposicion-escala-tecnica-basica-de-informatica-referencia-25-179938","status":"publish","type":"page","link":"https:\/\/servicioptai.umh.es\/ca\/convocatorias\/oposicion-escala-tecnica-basica-de-informatica-referencia-25-179938\/","title":{"rendered":"<span lang=\"es\">(Espa\u00f1ol) Oposici\u00f3n escala t\u00e9cnica b\u00e1sica de inform\u00e1tica, referencia 25\/179938<\/span>"},"content":{"rendered":"<p class=\"qtranxs-available-languages-message qtranxs-available-languages-message-ca\">Ho sentim, aquesta entrada es troba disponible \u00fanicament en <a href=\"https:\/\/servicioptai.umh.es\/es\/wp-json\/wp\/v2\/pages\/44638\" class=\"qtranxs-available-language-link qtranxs-available-language-link-es\" title=\"Espa\u00f1ol\">Espanyol Europeu<\/a>.<\/p>","protected":false},"excerpt":{"rendered":"<p>Ho sentim, aquesta entrada es troba disponible \u00fanicament en Espanyol Europeu.<\/p>\n","protected":false},"author":1714,"featured_media":0,"parent":28077,"menu_order":0,"comment_status":"closed","ping_status":"closed","template":"","meta":{"_links_to":"","_links_to_target":""},"_links":{"self":[{"href":"https:\/\/servicioptai.umh.es\/ca\/wp-json\/wp\/v2\/pages\/44638"}],"collection":[{"href":"https:\/\/servicioptai.umh.es\/ca\/wp-json\/wp\/v2\/pages"}],"about":[{"href":"https:\/\/servicioptai.umh.es\/ca\/wp-json\/wp\/v2\/types\/page"}],"author":[{"embeddable":true,"href":"https:\/\/servicioptai.umh.es\/ca\/wp-json\/wp\/v2\/users\/1714"}],"replies":[{"embeddable":true,"href":"https:\/\/servicioptai.umh.es\/ca\/wp-json\/wp\/v2\/comments?post=44638"}],"version-history":[{"count":0,"href":"https:\/\/servicioptai.umh.es\/ca\/wp-json\/wp\/v2\/pages\/44638\/revisions"}],"up":[{"embeddable":true,"href":"https:\/\/servicioptai.umh.es\/ca\/wp-json\/wp\/v2\/pages\/28077"}],"wp:attachment":[{"href":"https:\/\/servicioptai.umh.es\/ca\/wp-json\/wp\/v2\/media?parent=44638"}],"curies":[{"name":"wp","href":"https:\/\/api.w.org\/{rel}","templated":true}]}}