{"id":44102,"date":"2025-09-02T08:26:19","date_gmt":"2025-09-02T06:26:19","guid":{"rendered":"https:\/\/servicioptai.umh.es\/?page_id=44102"},"modified":"2026-03-27T08:20:50","modified_gmt":"2026-03-27T07:20:50","slug":"oposicion-escala-tecnica-basica-de-informatica-referencia-25-156728","status":"publish","type":"page","link":"https:\/\/servicioptai.umh.es\/ca\/convocatorias\/oposicion-escala-tecnica-basica-de-informatica-referencia-25-156728\/","title":{"rendered":"Oposici\u00f3 escala t\u00e8cnica b\u00e0sica d&#8217;inform\u00e0tica, refer\u00e8ncia 25\/156728"},"content":{"rendered":"<p><\/p>\n<h3 style=\"text-align: justify\"><strong><span dir=\"auto\" style=\"vertical-align: inherit\"><span dir=\"auto\" style=\"vertical-align: inherit\">Bases de la Convocat\u00f2ria<\/span><\/span><\/strong><\/h3>\n<p style=\"text-align: justify\"><span dir=\"auto\" style=\"vertical-align: inherit\"><span dir=\"auto\" style=\"vertical-align: inherit\">RESOLUCI\u00d3 de 28 de juliol de 2025, de la Universitat Miguel Hern\u00e1ndez d&#8217;Elx, per la qual es convoquen proves selectives d&#8217;acc\u00e9s al grup C, subgrup C1, sector administraci\u00f3 especial, escala t\u00e8cnica b\u00e0sica d&#8217;inform\u00e0tica, amb denominaci\u00f3 especialista t\u00e8cnic inform\u00e0tica, perfil sistemes, mitjan\u00e7ant el sistema d&#8217;oposici\u00f3, refer\u00e8ncia 25\/156728.<\/span><\/span><\/p>\n<p style=\"text-align: justify\"><a href=\"https:\/\/dogv.gva.es\/es\/resultat-dogv?signatura=2025\/30307\" target=\"_blank\" rel=\"noopener\"><span dir=\"auto\" style=\"vertical-align: inherit\"><span dir=\"auto\" style=\"vertical-align: inherit\">Publicaci\u00f3 de les bases al Diari Oficial de la Generalitat Valenciana<\/span><\/span><\/a><span dir=\"auto\" style=\"vertical-align: inherit\"><span dir=\"auto\" style=\"vertical-align: inherit\"> . <\/span><\/span><a href=\"https:\/\/servicioptgas-pi.umh.es\/files\/2021\/06\/abre-en-nueva-ventana.png\"><img loading=\"lazy\" class=\"alignnone size-full wp-image-31436\" src=\"https:\/\/servicioptgas-pi.umh.es\/files\/2021\/06\/abre-en-nueva-ventana.png\" alt=\"(obriu en nova finestra)\" width=\"15\" height=\"15\" \/><\/a><span dir=\"auto\" style=\"vertical-align: inherit\"><span dir=\"auto\" style=\"vertical-align: inherit\">amb data 2 de setembre de 2025.<\/span><\/span><\/p>\n<p style=\"text-align: justify\"><a href=\"https:\/\/www.boe.es\/boe\/dias\/2025\/09\/22\/pdfs\/BOE-A-2025-18676.pdf\" target=\"_blank\" rel=\"noopener\"><span dir=\"auto\" style=\"vertical-align: inherit\"><span dir=\"auto\" style=\"vertical-align: inherit\">Publicaci\u00f3 extracte de la convocat\u00f2ria al Butllet\u00ed Oficial de l&#8217;Estat (PDF<\/span><\/span><\/a><span dir=\"auto\" style=\"vertical-align: inherit\"><span dir=\"auto\" style=\"vertical-align: inherit\"> ): <\/span><\/span><a href=\"https:\/\/servicioptgas-pi.umh.es\/files\/2021\/06\/abre-en-nueva-ventana.png\"><img loading=\"lazy\" class=\"alignnone size-full wp-image-31436\" src=\"https:\/\/servicioptgas-pi.umh.es\/files\/2021\/06\/abre-en-nueva-ventana.png\" alt=\"(obriu en nova finestra)\" width=\"15\" height=\"15\" \/><\/a><span dir=\"auto\" style=\"vertical-align: inherit\"><span dir=\"auto\" style=\"vertical-align: inherit\">en data 22 de setembre de 2025.<\/span><\/span><\/p>\n<p style=\"text-align: justify\"><strong><span dir=\"auto\" style=\"vertical-align: inherit\"><span dir=\"auto\" style=\"vertical-align: inherit\">Termini de presentaci\u00f3 de sol\u00b7licituds: <\/span><\/span><\/strong> <strong><span dir=\"auto\" style=\"vertical-align: inherit\"><span dir=\"auto\" style=\"vertical-align: inherit\">del 23 de setembre al 6 d&#8217;octubre del 2025. Tots dos inclusivament.<\/span><\/span><\/strong><\/p>\n<p style=\"text-align: justify\"><strong><span dir=\"auto\" style=\"vertical-align: inherit\"><span dir=\"auto\" style=\"vertical-align: inherit\">Inscripci\u00f3 a trav\u00e9s de l&#8217;aplicaci\u00f3:<\/span><\/span><\/strong><\/p>\n<p style=\"text-align: justify\"><strong> <a href=\"https:\/\/universite.umh.es\/espacio-opositor\/\" target=\"_blank\" rel=\"noopener\"><span dir=\"auto\" style=\"vertical-align: inherit\"><span dir=\"auto\" style=\"vertical-align: inherit\">https:\/\/universite.umh.es\/espai-opositor\/<\/span><\/span><\/a><\/strong><\/p>\n<p><span dir=\"auto\" style=\"vertical-align: inherit\"><span dir=\"auto\" style=\"vertical-align: inherit\">O per la SEU Electr\u00f2nica triant l&#8217;opci\u00f3\u00a0\u00a0 <\/span><\/span><a href=\"https:\/\/sede.umh.es\/procedimientos\/seleccion-pas-funcionario-de-carrera\/\" target=\"_blank\" rel=\"noopener\"><span dir=\"auto\" style=\"vertical-align: inherit\"><span dir=\"auto\" style=\"vertical-align: inherit\">\u00abSELECCI\u00d3 PTGAS-Funcionari de carrera\u00bb<\/span><\/span><\/a><\/p>\n<p><span dir=\"auto\" style=\"vertical-align: inherit\"><span dir=\"auto\" style=\"vertical-align: inherit\"><iframe  style=\"display: block; margin: 0px auto;\"  id=\"_ytid_45042\"  width=\"480\" height=\"270\"  data-origwidth=\"480\" data-origheight=\"270\" src=\"https:\/\/www.youtube.com\/embed\/q7CmGju0mAo?enablejsapi=1&autoplay=0&cc_load_policy=0&cc_lang_pref=&iv_load_policy=1&loop=0&modestbranding=0&rel=1&fs=1&playsinline=0&autohide=2&theme=dark&color=red&controls=1&\" class=\"__youtube_prefs__  no-lazyload\" title=\"YouTube player\"  allow=\"accelerometer; autoplay; clipboard-write; encrypted-media; gyroscope; picture-in-picture\" allowfullscreen data-no-lazy=\"1\" data-skipgform_ajax_framebjll=\"\"><\/iframe><\/span><\/span><\/p>\n<p>&nbsp;<\/p>\n<p><strong><span dir=\"auto\" style=\"vertical-align: inherit\"><span dir=\"auto\" style=\"vertical-align: inherit\">Llistes d&#8217;admesos &#8211; exclosos i Composici\u00f3 Tribunal<\/span><\/span><\/strong><\/p>\n<ul>\n<li><a href=\"https:\/\/dogv.gva.es\/es\/resultat-dogv?signatura=2025\/43882\" target=\"_blank\" rel=\"noopener\"><span dir=\"auto\" style=\"vertical-align: inherit\"><span dir=\"auto\" style=\"vertical-align: inherit\">Llistes provisionals d&#8217;admesos i exclosos i composici\u00f3 del tribunal<\/span><\/span><\/a><span dir=\"auto\" style=\"vertical-align: inherit\"><span dir=\"auto\" style=\"vertical-align: inherit\"> . <\/span><\/span><a href=\"https:\/\/servicioptgas-pi.umh.es\/files\/2021\/06\/abre-en-nueva-ventana.png\"><img loading=\"lazy\" class=\"alignnone size-full wp-image-31436\" src=\"https:\/\/servicioptgas-pi.umh.es\/files\/2021\/06\/abre-en-nueva-ventana.png\" alt=\"(obriu en nova finestra)\" width=\"15\" height=\"15\" \/><\/a><span dir=\"auto\" style=\"vertical-align: inherit\"><span dir=\"auto\" style=\"vertical-align: inherit\">Al DOGV 11 de novembre de 2025.<\/span><\/span><\/li>\n<\/ul>\n<p><strong><span dir=\"auto\" style=\"vertical-align: inherit\"><span dir=\"auto\" style=\"vertical-align: inherit\">Per\u00edode d&#8217;esmena: 12 al 25 de novembre de 2025. Tots dos inclusivament.<\/span><\/span><\/strong><\/p>\n<ul>\n<li><a href=\"https:\/\/dogv.gva.es\/es\/resultat-dogv?signatura=2025\/49102\" target=\"_blank\" rel=\"noopener\"><span dir=\"auto\" style=\"vertical-align: inherit\"><span dir=\"auto\" style=\"vertical-align: inherit\">Llistes definitives d&#8217;admesos i exclosos i dates de realitzaci\u00f3 de l&#8217;exercici<\/span><\/span><\/a><span dir=\"auto\" style=\"vertical-align: inherit\"><span dir=\"auto\" style=\"vertical-align: inherit\"> . <\/span><\/span><a href=\"https:\/\/servicioptgas-pi.umh.es\/files\/2021\/06\/abre-en-nueva-ventana.png\"><img loading=\"lazy\" class=\"alignnone size-full wp-image-31436\" src=\"https:\/\/servicioptgas-pi.umh.es\/files\/2021\/06\/abre-en-nueva-ventana.png\" alt=\"(obriu en nova finestra)\" width=\"15\" height=\"15\" \/><\/a><span dir=\"auto\" style=\"vertical-align: inherit\"><span dir=\"auto\" style=\"vertical-align: inherit\">Al DOGV 11 de desembre de 2025.<\/span><\/span><\/li>\n<\/ul>\n<p><strong><span dir=\"auto\" style=\"vertical-align: inherit\"><span dir=\"auto\" style=\"vertical-align: inherit\">Data i hora de realitzaci\u00f3 de l&#8217;exercici:<\/span><\/span><\/strong><\/p>\n<p><strong><span dir=\"auto\" style=\"vertical-align: inherit\"><span dir=\"auto\" style=\"vertical-align: inherit\">Primera part de l&#8217;exercici: 9 de gener del 2026, a les 9.30h<\/span><\/span><\/strong><\/p>\n<p><strong><span dir=\"auto\" style=\"vertical-align: inherit\"><span dir=\"auto\" style=\"vertical-align: inherit\">Segona part de l&#8217;exercici: 9 de gener del 2026, a les 11.45h<\/span><\/span><\/strong><\/p>\n<p><strong><span dir=\"auto\" style=\"vertical-align: inherit\"><span dir=\"auto\" style=\"vertical-align: inherit\">Desenvolupament del procediment:\u00a0<\/span><\/span><\/strong><\/p>\n<ul>\n<li><a href=\"https:\/\/boumh.umh.es\/files\/2025\/11\/ES_U05500001_2025_DOCH-0000000000000000000392929.pdf\" target=\"_blank\" rel=\"noopener\"><span dir=\"auto\" style=\"vertical-align: inherit\"><span dir=\"auto\" style=\"vertical-align: inherit\">Acta de constituci\u00f3 i criteris de valoraci\u00f3 i qualificaci\u00f3 de l&#8217;exercici (PDF)<\/span><\/span><\/a><a href=\"https:\/\/servicioptgas-pi.umh.es\/files\/2021\/06\/abre-en-nueva-ventana.png\"><img loading=\"lazy\" class=\"alignnone size-full wp-image-31436\" src=\"https:\/\/servicioptgas-pi.umh.es\/files\/2021\/06\/abre-en-nueva-ventana.png\" alt=\"(obriu en nova finestra)\" width=\"15\" height=\"15\" \/><\/a><\/li>\n<li><a href=\"https:\/\/dogv.gva.es\/es\/resultat-dogv?signatura=2025\/47886\" target=\"_blank\" rel=\"noopener\"><span dir=\"auto\" style=\"vertical-align: inherit\"><span dir=\"auto\" style=\"vertical-align: inherit\">Nomenament nou membre del tribunal<\/span><\/span><\/a><span dir=\"auto\" style=\"vertical-align: inherit\"><span dir=\"auto\" style=\"vertical-align: inherit\"> . <\/span><\/span><a href=\"https:\/\/servicioptgas-pi.umh.es\/files\/2021\/06\/abre-en-nueva-ventana.png\"><img loading=\"lazy\" class=\"alignnone size-full wp-image-31436\" src=\"https:\/\/servicioptgas-pi.umh.es\/files\/2021\/06\/abre-en-nueva-ventana.png\" alt=\"(obriu en nova finestra)\" width=\"15\" height=\"15\" \/><\/a><span dir=\"auto\" style=\"vertical-align: inherit\"><span dir=\"auto\" style=\"vertical-align: inherit\">Al DOGV 2 de desembre de 2025.<\/span><\/span><\/li>\n<li><a href=\"https:\/\/boumh.umh.es\/files\/2026\/01\/ES_U05500001_2026_DOCH-0000000000000000000004936.pdf\" target=\"_blank\" rel=\"noopener\"><span dir=\"auto\" style=\"vertical-align: inherit\"><span dir=\"auto\" style=\"vertical-align: inherit\">Plantilla per donar resposta a la primera i segona part de l&#8217;exercici (PDF)<\/span><\/span><\/a><a href=\"https:\/\/servicioptgas-pi.umh.es\/files\/2021\/06\/abre-en-nueva-ventana.png\"><img loading=\"lazy\" class=\"alignnone size-full wp-image-31436\" src=\"https:\/\/servicioptgas-pi.umh.es\/files\/2021\/06\/abre-en-nueva-ventana.png\" alt=\"(obriu en nova finestra)\" width=\"15\" height=\"15\" \/><\/a><\/li>\n<li><a href=\"https:\/\/boumh.umh.es\/files\/2026\/01\/ES_U05500001_2026_DOCH-0000000000000000000005229.pdf\" target=\"_blank\" rel=\"noopener\"><span dir=\"auto\" style=\"vertical-align: inherit\"><span dir=\"auto\" style=\"vertical-align: inherit\">Acta de resultat de la primera part de la fase oposici\u00f3(PDF)<\/span><\/span><\/a><a href=\"https:\/\/servicioptgas-pi.umh.es\/files\/2021\/06\/abre-en-nueva-ventana.png\"><img loading=\"lazy\" class=\"alignnone size-full wp-image-31436\" src=\"https:\/\/servicioptgas-pi.umh.es\/files\/2021\/06\/abre-en-nueva-ventana.png\" alt=\"(obriu en nova finestra)\" width=\"15\" height=\"15\" \/><\/a><\/li>\n<li><a href=\"https:\/\/boumh.umh.es\/files\/2026\/01\/ES_U05500001_2026_DOCH-0000000000000000000005248.pdf\" target=\"_blank\" rel=\"noopener\"><span dir=\"auto\" style=\"vertical-align: inherit\"><span dir=\"auto\" style=\"vertical-align: inherit\">Acta de resultat de la segona part de la fase oposici\u00f3(PDF)<\/span><\/span><\/a><a href=\"https:\/\/servicioptgas-pi.umh.es\/files\/2021\/06\/abre-en-nueva-ventana.png\"><img loading=\"lazy\" class=\"alignnone size-full wp-image-31436\" src=\"https:\/\/servicioptgas-pi.umh.es\/files\/2021\/06\/abre-en-nueva-ventana.png\" alt=\"(obriu en nova finestra)\" width=\"15\" height=\"15\" \/><\/a><\/li>\n<li><a href=\"https:\/\/boumh.umh.es\/files\/2026\/01\/ES_U05500001_2026_DOCH-0000000000000000000022710.pdf\" target=\"_blank\" rel=\"noopener\"><span dir=\"auto\" style=\"vertical-align: inherit\"><span dir=\"auto\" style=\"vertical-align: inherit\">Acta resoluci\u00f3 de reclamacions (PDF)<\/span><\/span><\/a><a href=\"https:\/\/servicioptgas-pi.umh.es\/files\/2021\/06\/abre-en-nueva-ventana.png\"><img loading=\"lazy\" class=\"alignnone size-full wp-image-31436\" src=\"https:\/\/servicioptgas-pi.umh.es\/files\/2021\/06\/abre-en-nueva-ventana.png\" alt=\"(obriu en nova finestra)\" width=\"15\" height=\"15\" \/><\/a><\/li>\n<li><a href=\"https:\/\/boumh.umh.es\/files\/2026\/01\/ES_U05500001_2026_DOCH-0000000000000000000022717.pdf\" target=\"_blank\" rel=\"noopener\"><span dir=\"auto\" style=\"vertical-align: inherit\"><span dir=\"auto\" style=\"vertical-align: inherit\">Acta fase oposici\u00f3(PDF)<\/span><\/span><\/a><span dir=\"auto\" style=\"vertical-align: inherit\"><span dir=\"auto\" style=\"vertical-align: inherit\"> .<\/span><\/span><a href=\"https:\/\/servicioptgas-pi.umh.es\/files\/2021\/06\/abre-en-nueva-ventana.png\"><img loading=\"lazy\" class=\"alignnone size-full wp-image-31436\" src=\"https:\/\/servicioptgas-pi.umh.es\/files\/2021\/06\/abre-en-nueva-ventana.png\" alt=\"(obriu en nova finestra)\" width=\"15\" height=\"15\" \/><\/a><\/li>\n<li><a href=\"https:\/\/boumh.umh.es\/files\/2026\/01\/ES_U05500001_2026_DOCH-0000000000000000000022723.pdf\" target=\"_blank\" rel=\"noopener\"><span dir=\"auto\" style=\"vertical-align: inherit\"><span dir=\"auto\" style=\"vertical-align: inherit\">Acta de resultat del proc\u00e9s i proposta de provisi\u00f3 (PDF)<\/span><\/span><\/a><span dir=\"auto\" style=\"vertical-align: inherit\"><span dir=\"auto\" style=\"vertical-align: inherit\"> .<\/span><\/span><a href=\"https:\/\/servicioptgas-pi.umh.es\/files\/2021\/06\/abre-en-nueva-ventana.png\"><img loading=\"lazy\" class=\"alignnone size-full wp-image-31436\" src=\"https:\/\/servicioptgas-pi.umh.es\/files\/2021\/06\/abre-en-nueva-ventana.png\" alt=\"(obriu en nova finestra)\" width=\"15\" height=\"15\" \/><\/a><\/li>\n<li><a href=\"https:\/\/dogv.gva.es\/es\/resultat-dogv?signatura=2026\/3767\" target=\"_blank\" rel=\"noopener\"><span dir=\"auto\" style=\"vertical-align: inherit\"><span dir=\"auto\" style=\"vertical-align: inherit\">Relaci\u00f3 definitiva daspirants que han superat el proc\u00e9s selectiu(PDF).<\/span><\/span><\/a><a href=\"https:\/\/servicioptgas-pi.umh.es\/files\/2021\/06\/abre-en-nueva-ventana.png\"><img loading=\"lazy\" class=\"alignnone size-full wp-image-31436\" src=\"https:\/\/servicioptgas-pi.umh.es\/files\/2021\/06\/abre-en-nueva-ventana.png\" alt=\"(obriu en nova finestra)\" width=\"15\" height=\"15\" \/><\/a><span dir=\"auto\" style=\"vertical-align: inherit\"><span dir=\"auto\" style=\"vertical-align: inherit\"> Al DOGV 16 de febrer de 2026.<\/span><\/span><\/li>\n<\/ul>\n<p><strong><span dir=\"auto\" style=\"vertical-align: inherit\"><span dir=\"auto\" style=\"vertical-align: inherit\">Per\u00edode de reclamaci\u00f3 primera i segona part de l&#8217;exercici: 13 al 26 de gener del 2026. Ambd\u00f3s inclusivament.<\/span><\/span><\/strong><\/p>\n<p><span dir=\"auto\" style=\"vertical-align: inherit\"><span dir=\"auto\" style=\"vertical-align: inherit\">V\u00eddeos d&#8217;ajuda <\/span><\/span><a href=\"https:\/\/www.youtube.com\/playlist?list=PLClKgnzRFYe5Stid-cTO6hcpZ7ncYblOV\"><span dir=\"auto\" style=\"vertical-align: inherit\"><span dir=\"auto\" style=\"vertical-align: inherit\">Espai de l&#8217;opositor<\/span><\/span><\/a><\/p>\n<h3><strong><span dir=\"auto\" style=\"vertical-align: inherit\"><span dir=\"auto\" style=\"vertical-align: inherit\">Incid\u00e8ncies i dubtes:<\/span><\/span><\/strong><\/h3>\n<p><span dir=\"auto\" style=\"vertical-align: inherit\"><span dir=\"auto\" style=\"vertical-align: inherit\">Servei de Personal T\u00e8cnic, de Gesti\u00f3 i d&#8217;Administraci\u00f3 i Serveis i Personal Investigador (PTGAS i PI) <\/span><\/span><br \/>\n<span dir=\"auto\" style=\"vertical-align: inherit\"><span dir=\"auto\" style=\"vertical-align: inherit\">Tel\u00e8fons: 965222296 \u2013 966658772<\/span><\/span><\/p>\n<ul>\n<li><span dir=\"auto\" style=\"vertical-align: inherit\"><span dir=\"auto\" style=\"vertical-align: inherit\">Per sol\u00b7licitar ajut\/suport durant la presentaci\u00f3 de la sol\u00b7licitud podeu adre\u00e7ar-vos a:Suport de la Seu electr\u00f2nica:<\/span><\/span>\n<ul>\n<li><span dir=\"auto\" style=\"vertical-align: inherit\"><span dir=\"auto\" style=\"vertical-align: inherit\">Tel\u00e8fon:965 222 640<\/span><\/span><\/li>\n<li><a href=\"mailto:E-mail%3Asede@umh.es\"><span dir=\"auto\" style=\"vertical-align: inherit\"><span dir=\"auto\" style=\"vertical-align: inherit\">E-mail:seu@umh.es<\/span><\/span><\/a><\/li>\n<\/ul>\n<\/li>\n<\/ul>\n<p>&nbsp;<\/p>","protected":false},"excerpt":{"rendered":"<p>Bases de la Convocat\u00f2ria<br \/>\nRESOLUCI\u00d3 de 28 de juliol de 2025, de la Universitat Miguel Hern\u00e1ndez d&#8217;Elx, per la qual es convoquen proves selectives d&#8217;acc\u00e9s al grup C, subgrup C1, sector administraci\u00f3 especial, escala t\u00e8cnica b\u00e0sica d&#8217;inform\u00e0tica, amb denominaci\u00f3 especialista t\u00e8cnic inform\u00e0tica, perfil sistemes, mitjan\u00e7ant el sistema d&#8217;oposici\u00f3, refer\u00e8ncia 25\/156728.<br \/>\nPublicaci\u00f3 de les bases al Diari Oficial [&#8230;]<\/p>\n","protected":false},"author":1714,"featured_media":0,"parent":28077,"menu_order":0,"comment_status":"closed","ping_status":"closed","template":"","meta":{"_links_to":"","_links_to_target":""},"_links":{"self":[{"href":"https:\/\/servicioptai.umh.es\/ca\/wp-json\/wp\/v2\/pages\/44102"}],"collection":[{"href":"https:\/\/servicioptai.umh.es\/ca\/wp-json\/wp\/v2\/pages"}],"about":[{"href":"https:\/\/servicioptai.umh.es\/ca\/wp-json\/wp\/v2\/types\/page"}],"author":[{"embeddable":true,"href":"https:\/\/servicioptai.umh.es\/ca\/wp-json\/wp\/v2\/users\/1714"}],"replies":[{"embeddable":true,"href":"https:\/\/servicioptai.umh.es\/ca\/wp-json\/wp\/v2\/comments?post=44102"}],"version-history":[{"count":0,"href":"https:\/\/servicioptai.umh.es\/ca\/wp-json\/wp\/v2\/pages\/44102\/revisions"}],"up":[{"embeddable":true,"href":"https:\/\/servicioptai.umh.es\/ca\/wp-json\/wp\/v2\/pages\/28077"}],"wp:attachment":[{"href":"https:\/\/servicioptai.umh.es\/ca\/wp-json\/wp\/v2\/media?parent=44102"}],"curies":[{"name":"wp","href":"https:\/\/api.w.org\/{rel}","templated":true}]}}