{"id":44030,"date":"2025-07-24T11:14:33","date_gmt":"2025-07-24T09:14:33","guid":{"rendered":"https:\/\/servicioptai.umh.es\/?page_id=44030"},"modified":"2026-01-16T08:57:09","modified_gmt":"2026-01-16T07:57:09","slug":"concurso-de-meritos-servicio-de-infraestructura-informatica-referencia-25-142020","status":"publish","type":"page","link":"https:\/\/servicioptai.umh.es\/ca\/convocatorias\/concurso-de-meritos\/concurso-de-meritos-servicio-de-infraestructura-informatica-referencia-25-142020\/","title":{"rendered":"<span lang=\"es\">(Espa\u00f1ol) Concurso de m\u00e9ritos Servicio de Infraestructura Inform\u00e1tica, referencia 25\/142020<\/span>"},"content":{"rendered":"<p class=\"qtranxs-available-languages-message qtranxs-available-languages-message-ca\">Ho sentim, aquesta entrada es troba disponible \u00fanicament en <a href=\"https:\/\/servicioptai.umh.es\/es\/wp-json\/wp\/v2\/pages\/44030\" class=\"qtranxs-available-language-link qtranxs-available-language-link-es\" title=\"Espa\u00f1ol\">Espanyol Europeu<\/a>.<\/p>","protected":false},"excerpt":{"rendered":"<p>Ho sentim, aquesta entrada es troba disponible \u00fanicament en Espanyol Europeu.<\/p>\n","protected":false},"author":304,"featured_media":0,"parent":7992,"menu_order":0,"comment_status":"closed","ping_status":"closed","template":"","meta":{"_links_to":"","_links_to_target":""},"_links":{"self":[{"href":"https:\/\/servicioptai.umh.es\/ca\/wp-json\/wp\/v2\/pages\/44030"}],"collection":[{"href":"https:\/\/servicioptai.umh.es\/ca\/wp-json\/wp\/v2\/pages"}],"about":[{"href":"https:\/\/servicioptai.umh.es\/ca\/wp-json\/wp\/v2\/types\/page"}],"author":[{"embeddable":true,"href":"https:\/\/servicioptai.umh.es\/ca\/wp-json\/wp\/v2\/users\/304"}],"replies":[{"embeddable":true,"href":"https:\/\/servicioptai.umh.es\/ca\/wp-json\/wp\/v2\/comments?post=44030"}],"version-history":[{"count":0,"href":"https:\/\/servicioptai.umh.es\/ca\/wp-json\/wp\/v2\/pages\/44030\/revisions"}],"up":[{"embeddable":true,"href":"https:\/\/servicioptai.umh.es\/ca\/wp-json\/wp\/v2\/pages\/7992"}],"wp:attachment":[{"href":"https:\/\/servicioptai.umh.es\/ca\/wp-json\/wp\/v2\/media?parent=44030"}],"curies":[{"name":"wp","href":"https:\/\/api.w.org\/{rel}","templated":true}]}}