{"id":43964,"date":"2025-07-14T13:11:46","date_gmt":"2025-07-14T11:11:46","guid":{"rendered":"https:\/\/servicioptai.umh.es\/?page_id=43964"},"modified":"2026-02-23T10:07:38","modified_gmt":"2026-02-23T09:07:38","slug":"concurso-de-meritos-servicio-de-gestion-presupuestaria-y-patrimonial-referencia-25-141977","status":"publish","type":"page","link":"https:\/\/servicioptai.umh.es\/ca\/convocatorias\/concurso-de-meritos\/concurso-de-meritos-servicio-de-gestion-presupuestaria-y-patrimonial-referencia-25-141977\/","title":{"rendered":"<span lang=\"es\">(Espa\u00f1ol) Concurso de m\u00e9ritos Servicio de Gesti\u00f3n Presupuestaria y Patrimonial, referencia 25\/141977<\/span>"},"content":{"rendered":"<p class=\"qtranxs-available-languages-message qtranxs-available-languages-message-ca\">Ho sentim, aquesta entrada es troba disponible \u00fanicament en <a href=\"https:\/\/servicioptai.umh.es\/es\/wp-json\/wp\/v2\/pages\/43964\" class=\"qtranxs-available-language-link qtranxs-available-language-link-es\" title=\"Espa\u00f1ol\">Espanyol Europeu<\/a>.<\/p>","protected":false},"excerpt":{"rendered":"<p>Ho sentim, aquesta entrada es troba disponible \u00fanicament en Espanyol Europeu.<\/p>\n","protected":false},"author":304,"featured_media":0,"parent":7992,"menu_order":15,"comment_status":"closed","ping_status":"closed","template":"","meta":{"_links_to":"","_links_to_target":""},"_links":{"self":[{"href":"https:\/\/servicioptai.umh.es\/ca\/wp-json\/wp\/v2\/pages\/43964"}],"collection":[{"href":"https:\/\/servicioptai.umh.es\/ca\/wp-json\/wp\/v2\/pages"}],"about":[{"href":"https:\/\/servicioptai.umh.es\/ca\/wp-json\/wp\/v2\/types\/page"}],"author":[{"embeddable":true,"href":"https:\/\/servicioptai.umh.es\/ca\/wp-json\/wp\/v2\/users\/304"}],"replies":[{"embeddable":true,"href":"https:\/\/servicioptai.umh.es\/ca\/wp-json\/wp\/v2\/comments?post=43964"}],"version-history":[{"count":0,"href":"https:\/\/servicioptai.umh.es\/ca\/wp-json\/wp\/v2\/pages\/43964\/revisions"}],"up":[{"embeddable":true,"href":"https:\/\/servicioptai.umh.es\/ca\/wp-json\/wp\/v2\/pages\/7992"}],"wp:attachment":[{"href":"https:\/\/servicioptai.umh.es\/ca\/wp-json\/wp\/v2\/media?parent=43964"}],"curies":[{"name":"wp","href":"https:\/\/api.w.org\/{rel}","templated":true}]}}