{"id":43574,"date":"2025-05-16T09:24:41","date_gmt":"2025-05-16T07:24:41","guid":{"rendered":"https:\/\/servicioptgas-pi.umh.es\/?page_id=43574"},"modified":"2026-04-02T19:24:09","modified_gmt":"2026-04-02T17:24:09","slug":"concurso-oposicion-escala-auxiliar-administrativa-referencia-25-93846","status":"publish","type":"page","link":"https:\/\/servicioptai.umh.es\/ca\/convocatorias\/concurso-oposicion\/concurso-oposicion-escala-auxiliar-administrativa-referencia-25-93846\/","title":{"rendered":"Concurs oposici\u00f3, escala auxiliar administrativa, refer\u00e8ncia 25\/93846"},"content":{"rendered":"<p><\/p>\n<h3 style=\"text-align: justify\"><strong><span dir=\"auto\" style=\"vertical-align: inherit\"><span dir=\"auto\" style=\"vertical-align: inherit\">Bases de la Convocat\u00f2ria<\/span><\/span><\/strong><\/h3>\n<p style=\"text-align: justify\"><span dir=\"auto\" style=\"vertical-align: inherit\"><span dir=\"auto\" style=\"vertical-align: inherit\">RESOLUCI\u00d3 de la Universitat Miguel Hern\u00e1ndez d&#8217;Elx, per la qual es convoquen proves selectives d&#8217;acc\u00e9s al grup C, subgrup C2, sector administraci\u00f3 general, escala auxiliar administrativa, amb denominaci\u00f3 administratiu\/iva, mitjan\u00e7ant el sistema de concurs oposici\u00f3, refer\u00e8ncia 25\/93846<\/span><\/span><\/p>\n<p><a href=\"https:\/\/dogv.gva.es\/es\/resultat-dogv?signatura=2025\/15645\" target=\"_blank\" rel=\"noopener\"><span dir=\"auto\" style=\"vertical-align: inherit\"><span dir=\"auto\" style=\"vertical-align: inherit\">Publicaci\u00f3 de les bases al Diari Oficial de la Generalitat Valenciana<\/span><\/span><\/a><span dir=\"auto\" style=\"vertical-align: inherit\"><span dir=\"auto\" style=\"vertical-align: inherit\"> . <\/span><\/span><a href=\"https:\/\/servicioptgas-pi.umh.es\/files\/2021\/06\/abre-en-nueva-ventana.png\"><img loading=\"lazy\" class=\"alignnone size-full wp-image-31436\" src=\"https:\/\/servicioptgas-pi.umh.es\/files\/2021\/06\/abre-en-nueva-ventana.png\" alt=\"(obriu en nova finestra)\" width=\"15\" height=\"15\" \/><\/a><span dir=\"auto\" style=\"vertical-align: inherit\"><span dir=\"auto\" style=\"vertical-align: inherit\">DOGV en data 16 de maig de 2025<\/span><\/span><\/p>\n<p><a href=\"https:\/\/www.boe.es\/boe\/dias\/2025\/05\/27\/pdfs\/BOE-A-2025-10465.pdf\" target=\"_blank\" rel=\"noopener\"><span dir=\"auto\" style=\"vertical-align: inherit\"><span dir=\"auto\" style=\"vertical-align: inherit\">Publicaci\u00f3 extracte de la convocat\u00f2ria al Butllet\u00ed Oficial de l&#8217;Estat (PDF)<\/span><\/span><\/a><span dir=\"auto\" style=\"vertical-align: inherit\"><span dir=\"auto\" style=\"vertical-align: inherit\"> . <\/span><\/span><a href=\"https:\/\/servicioptgas-pi.umh.es\/files\/2021\/06\/abre-en-nueva-ventana.png\"><img loading=\"lazy\" class=\"alignnone size-full wp-image-31436\" src=\"https:\/\/servicioptgas-pi.umh.es\/files\/2021\/06\/abre-en-nueva-ventana.png\" alt=\"(obriu en nova finestra)\" width=\"15\" height=\"15\" \/><\/a><span dir=\"auto\" style=\"vertical-align: inherit\"><span dir=\"auto\" style=\"vertical-align: inherit\">en data 27 de maig de 2025<\/span><\/span><\/p>\n<p><strong><span dir=\"auto\" style=\"vertical-align: inherit\"><span dir=\"auto\" style=\"vertical-align: inherit\">Termini de presentaci\u00f3 de sol\u00b7licituds: del 28 de maig al 10 de juny de 2025, ambd\u00f3s inclosos. A trav\u00e9s de l&#8217;aplicaci\u00f3 <\/span><\/span><a href=\"https:\/\/universite.umh.es\/espacio-opositor\/ficheros\/titulos\" target=\"_blank\" rel=\"noopener\"><span dir=\"auto\" style=\"vertical-align: inherit\"><span dir=\"auto\" style=\"vertical-align: inherit\">Espai opositor<\/span><\/span><\/a>\u00a0<\/strong><\/p>\n<p><span dir=\"auto\" style=\"vertical-align: inherit\"><span dir=\"auto\" style=\"vertical-align: inherit\"><span dir=\"auto\" style=\"vertical-align: inherit\"><span dir=\"auto\" style=\"vertical-align: inherit\">[incrustat] https:\/\/www.youtube.com\/watch?v=q7CmGju0mAo[\/incrustat]<\/span><\/span><\/span><\/span><\/p>\n<p>&nbsp;<\/p>\n<p><strong><span dir=\"auto\" style=\"vertical-align: inherit\"><span dir=\"auto\" style=\"vertical-align: inherit\">Llistes daspirants admesos-exclosos i Composici\u00f3 Tribunal<\/span><\/span><\/strong><\/p>\n<ul>\n<li><a href=\"https:\/\/dogv.gva.es\/es\/resultat-dogv?signatura=2025\/42884\" target=\"_blank\" rel=\"noopener\"><span dir=\"auto\" style=\"vertical-align: inherit\"><span dir=\"auto\" style=\"vertical-align: inherit\">Llistes provisionals d&#8217;admesos i exclosos i composici\u00f3 del tribunal<\/span><\/span><\/a><span dir=\"auto\" style=\"vertical-align: inherit\"><span dir=\"auto\" style=\"vertical-align: inherit\"> . <\/span><\/span><a href=\"https:\/\/servicioptgas-pi.umh.es\/files\/2021\/06\/abre-en-nueva-ventana.png\"><img loading=\"lazy\" class=\"alignnone size-full wp-image-31436\" src=\"https:\/\/servicioptgas-pi.umh.es\/files\/2021\/06\/abre-en-nueva-ventana.png\" alt=\"(obriu en nova finestra)\" width=\"15\" height=\"15\" \/><\/a><span dir=\"auto\" style=\"vertical-align: inherit\"><span dir=\"auto\" style=\"vertical-align: inherit\">DOGV en data 5 de novembre de 2025<\/span><\/span><\/li>\n<li><a href=\"https:\/\/dogv.gva.es\/es\/resultat-dogv?signatura=2025\/51661\" target=\"_blank\" rel=\"noopener\"><span dir=\"auto\" style=\"vertical-align: inherit\"><span dir=\"auto\" style=\"vertical-align: inherit\">Llistes definitives d&#8217;admesos i exclosos i dates de realitzaci\u00f3 de l&#8217;exercici<\/span><\/span><\/a><span dir=\"auto\" style=\"vertical-align: inherit\"><span dir=\"auto\" style=\"vertical-align: inherit\"> . <\/span><\/span><a href=\"https:\/\/servicioptgas-pi.umh.es\/files\/2021\/06\/abre-en-nueva-ventana.png\"><img loading=\"lazy\" class=\"alignnone size-full wp-image-31436\" src=\"https:\/\/servicioptgas-pi.umh.es\/files\/2021\/06\/abre-en-nueva-ventana.png\" alt=\"(obriu en nova finestra)\" width=\"15\" height=\"15\" \/><\/a><span dir=\"auto\" style=\"vertical-align: inherit\"><span dir=\"auto\" style=\"vertical-align: inherit\">DOGV en data 9 de gener de 2026<\/span><\/span><\/li>\n<li><a href=\"https:\/\/boumh.umh.es\/files\/2026\/03\/09-acta-Boumh_reclamaciones-plantilla-respuestas-93846-firmado.pdf\" target=\"_blank\" rel=\"noopener\"><span dir=\"auto\" style=\"vertical-align: inherit\"><span dir=\"auto\" style=\"vertical-align: inherit\">Acta de resoluci\u00f3 de reclamacions de les plantilles de resposta.<\/span><\/span><\/a><a href=\"https:\/\/servicioptgas-pi.umh.es\/files\/2021\/06\/abre-en-nueva-ventana.png\"><img loading=\"lazy\" class=\"alignnone size-full wp-image-31436\" src=\"https:\/\/servicioptgas-pi.umh.es\/files\/2021\/06\/abre-en-nueva-ventana.png\" alt=\"(obriu en nova finestra)\" width=\"15\" height=\"15\" \/><\/a><\/li>\n<\/ul>\n<p>&nbsp;<\/p>\n<p><strong><span dir=\"auto\" style=\"vertical-align: inherit\"><span dir=\"auto\" style=\"vertical-align: inherit\">Data i hora de realitzaci\u00f3 de l&#8217;exercici:\u00a0<\/span><\/span><\/strong><\/p>\n<p><strong><span dir=\"auto\" style=\"vertical-align: inherit\"><span dir=\"auto\" style=\"vertical-align: inherit\">Primera part de l&#8217;exercici: 27 de febrer del 2026, a les 16.00h.<\/span><\/span><\/strong><\/p>\n<p><strong><span dir=\"auto\" style=\"vertical-align: inherit\"><span dir=\"auto\" style=\"vertical-align: inherit\">Segona part de l&#8217;exercici: 27 de febrer del 2026, a les 19.00h.<\/span><\/span><\/strong><\/p>\n<p>&nbsp;<\/p>\n<h3><strong><span dir=\"auto\" style=\"vertical-align: inherit\"><span dir=\"auto\" style=\"vertical-align: inherit\">Desenvolupament del procediment:<\/span><\/span><\/strong><\/h3>\n<ul>\n<li><a href=\"https:\/\/boumh.umh.es\/files\/2025\/11\/ES_U05500001_2025_DOCH-0000000000000000000380293.pdf\" target=\"_blank\" rel=\"noopener\"><span dir=\"auto\" style=\"vertical-align: inherit\"><span dir=\"auto\" style=\"vertical-align: inherit\">Acta de constituci\u00f3 i criteris de valoraci\u00f3 i qualificaci\u00f3 de l&#8217;exercici<\/span><\/span><\/a><a href=\"https:\/\/servicioptgas-pi.umh.es\/files\/2021\/06\/abre-en-nueva-ventana.png\"><img loading=\"lazy\" class=\"alignnone size-full wp-image-31436\" src=\"https:\/\/servicioptgas-pi.umh.es\/files\/2021\/06\/abre-en-nueva-ventana.png\" alt=\"(obriu en nova finestra)\" width=\"15\" height=\"15\" \/><\/a><\/li>\n<li><a href=\"https:\/\/boumh.umh.es\/files\/2026\/03\/ES_U05500001_2026_DOCH-0000000000000000000065704.pdf\" target=\"_blank\" rel=\"noopener\"><span dir=\"auto\" style=\"vertical-align: inherit\"><span dir=\"auto\" style=\"vertical-align: inherit\">Acta plantilles respostes primera i segona part (PDF)<\/span><\/span><\/a><span dir=\"auto\" style=\"vertical-align: inherit\"><span dir=\"auto\" style=\"vertical-align: inherit\"> .<\/span><\/span><a href=\"https:\/\/servicioptgas-pi.umh.es\/files\/2021\/06\/abre-en-nueva-ventana.png\"><img loading=\"lazy\" class=\"alignnone size-full wp-image-31436\" src=\"https:\/\/servicioptgas-pi.umh.es\/files\/2021\/06\/abre-en-nueva-ventana.png\" alt=\"(obriu en nova finestra)\" width=\"15\" height=\"15\" \/><\/a><\/li>\n<\/ul>\n<p><strong><span dir=\"auto\" style=\"vertical-align: inherit\"><span dir=\"auto\" style=\"vertical-align: inherit\">Per\u00edode reclamaci\u00f3 plantilles: 3 al 9 de mar\u00e7 del 2026.<\/span><\/span><\/strong><\/p>\n<h3 style=\"text-align: justify\"><span dir=\"auto\" style=\"vertical-align: inherit\"><span dir=\"auto\" style=\"vertical-align: inherit\">V\u00eddeos d&#8217;ajuda <\/span><\/span><a href=\"https:\/\/www.youtube.com\/playlist?list=PLClKgnzRFYe5Stid-cTO6hcpZ7ncYblOV\"><span dir=\"auto\" style=\"vertical-align: inherit\"><span dir=\"auto\" style=\"vertical-align: inherit\">Espai de l&#8217;opositor<\/span><\/span><\/a><\/h3>\n<h3 style=\"text-align: justify\"><strong><span dir=\"auto\" style=\"vertical-align: inherit\"><span dir=\"auto\" style=\"vertical-align: inherit\">Incid\u00e8ncies i dubtes:<\/span><\/span><\/strong><\/h3>\n<p style=\"text-align: justify\"><span dir=\"auto\" style=\"vertical-align: inherit\"><span dir=\"auto\" style=\"vertical-align: inherit\">Servei de Personal T\u00e8cnic, de Gesti\u00f3 i d&#8217;Administraci\u00f3 i Serveis i Personal Investigador (PTGAS i PI) <\/span><\/span><br \/>\n<span dir=\"auto\" style=\"vertical-align: inherit\"><span dir=\"auto\" style=\"vertical-align: inherit\">Tel\u00e8fons: 965222296 \u2013 966658772<\/span><\/span><\/p>\n<ul>\n<li><span dir=\"auto\" style=\"vertical-align: inherit\"><span dir=\"auto\" style=\"vertical-align: inherit\">Per sol\u00b7licitar ajut\/suport durant la presentaci\u00f3 de la sol\u00b7licitud podeu adre\u00e7ar-vos a:Suport de la Seu electr\u00f2nica:<\/span><\/span>\n<ul>\n<li style=\"text-align: justify\"><span dir=\"auto\" style=\"vertical-align: inherit\"><span dir=\"auto\" style=\"vertical-align: inherit\">Tel\u00e8fon:965 222 640<\/span><\/span><\/li>\n<li style=\"text-align: justify\"><a href=\"mailto:E-mail%3Asede@umh.es\"><span dir=\"auto\" style=\"vertical-align: inherit\"><span dir=\"auto\" style=\"vertical-align: inherit\"><span dir=\"auto\" style=\"vertical-align: inherit\"><span dir=\"auto\" style=\"vertical-align: inherit\">Correu electr\u00f2nic: your@umh.es<\/span><\/span><\/span><\/span><\/a><\/li>\n<\/ul>\n<\/li>\n<\/ul>\n<p><\/p>","protected":false},"excerpt":{"rendered":"<p>Bases de la Convocat\u00f2ria<br \/>\nRESOLUCI\u00d3 de la Universitat Miguel Hern\u00e1ndez d&#8217;Elx, per la qual es convoquen proves selectives d&#8217;acc\u00e9s al grup C, subgrup C2, sector administraci\u00f3 general, escala auxiliar administrativa, amb denominaci\u00f3 administratiu\/iva, mitjan\u00e7ant el sistema de concurs oposici\u00f3, refer\u00e8ncia 25\/93846<br \/>\nPublicaci\u00f3 de les bases al Diari Oficial de la Generalitat Valenciana . DOGV en data 16 [&#8230;]<\/p>\n","protected":false},"author":1714,"featured_media":0,"parent":30518,"menu_order":0,"comment_status":"closed","ping_status":"closed","template":"","meta":{"_links_to":"","_links_to_target":""},"_links":{"self":[{"href":"https:\/\/servicioptai.umh.es\/ca\/wp-json\/wp\/v2\/pages\/43574"}],"collection":[{"href":"https:\/\/servicioptai.umh.es\/ca\/wp-json\/wp\/v2\/pages"}],"about":[{"href":"https:\/\/servicioptai.umh.es\/ca\/wp-json\/wp\/v2\/types\/page"}],"author":[{"embeddable":true,"href":"https:\/\/servicioptai.umh.es\/ca\/wp-json\/wp\/v2\/users\/1714"}],"replies":[{"embeddable":true,"href":"https:\/\/servicioptai.umh.es\/ca\/wp-json\/wp\/v2\/comments?post=43574"}],"version-history":[{"count":0,"href":"https:\/\/servicioptai.umh.es\/ca\/wp-json\/wp\/v2\/pages\/43574\/revisions"}],"up":[{"embeddable":true,"href":"https:\/\/servicioptai.umh.es\/ca\/wp-json\/wp\/v2\/pages\/30518"}],"wp:attachment":[{"href":"https:\/\/servicioptai.umh.es\/ca\/wp-json\/wp\/v2\/media?parent=43574"}],"curies":[{"name":"wp","href":"https:\/\/api.w.org\/{rel}","templated":true}]}}