{"id":41745,"date":"2024-10-21T10:15:47","date_gmt":"2024-10-21T08:15:47","guid":{"rendered":"https:\/\/servicioptgas-pi.umh.es\/?page_id=41745"},"modified":"2025-04-30T14:24:58","modified_gmt":"2025-04-30T12:24:58","slug":"41745-2","status":"publish","type":"page","link":"https:\/\/servicioptai.umh.es\/ca\/convocatorias\/seleccion-personal\/41745-2\/","title":{"rendered":"<span lang=\"es\">(Espa\u00f1ol) Bolsa de trabajo Escala T\u00e9cnica Media de Laboratorios, Perfil Podolog\u00eda Referencia 24\/307558<\/span>"},"content":{"rendered":"<p class=\"qtranxs-available-languages-message qtranxs-available-languages-message-ca\">Ho sentim, aquesta entrada es troba disponible \u00fanicament en <a href=\"https:\/\/servicioptai.umh.es\/es\/wp-json\/wp\/v2\/pages\/41745\" class=\"qtranxs-available-language-link qtranxs-available-language-link-es\" title=\"Espa\u00f1ol\">Espanyol Europeu<\/a>.<\/p>","protected":false},"excerpt":{"rendered":"<p>Ho sentim, aquesta entrada es troba disponible \u00fanicament en Espanyol Europeu.<\/p>\n","protected":false},"author":304,"featured_media":0,"parent":7996,"menu_order":0,"comment_status":"closed","ping_status":"closed","template":"","meta":{"_links_to":"","_links_to_target":""},"_links":{"self":[{"href":"https:\/\/servicioptai.umh.es\/ca\/wp-json\/wp\/v2\/pages\/41745"}],"collection":[{"href":"https:\/\/servicioptai.umh.es\/ca\/wp-json\/wp\/v2\/pages"}],"about":[{"href":"https:\/\/servicioptai.umh.es\/ca\/wp-json\/wp\/v2\/types\/page"}],"author":[{"embeddable":true,"href":"https:\/\/servicioptai.umh.es\/ca\/wp-json\/wp\/v2\/users\/304"}],"replies":[{"embeddable":true,"href":"https:\/\/servicioptai.umh.es\/ca\/wp-json\/wp\/v2\/comments?post=41745"}],"version-history":[{"count":0,"href":"https:\/\/servicioptai.umh.es\/ca\/wp-json\/wp\/v2\/pages\/41745\/revisions"}],"up":[{"embeddable":true,"href":"https:\/\/servicioptai.umh.es\/ca\/wp-json\/wp\/v2\/pages\/7996"}],"wp:attachment":[{"href":"https:\/\/servicioptai.umh.es\/ca\/wp-json\/wp\/v2\/media?parent=41745"}],"curies":[{"name":"wp","href":"https:\/\/api.w.org\/{rel}","templated":true}]}}