{"id":41240,"date":"2024-09-02T11:20:59","date_gmt":"2024-09-02T09:20:59","guid":{"rendered":"https:\/\/servicioptgas-pi.umh.es\/?page_id=41240"},"modified":"2025-07-08T08:48:22","modified_gmt":"2025-07-08T06:48:22","slug":"concurso-oposicion-escala-tecnica-basica-de-laboratorios-perfil-bioquimico-biologico-y-biosanitario-referencia-24-165283","status":"publish","type":"page","link":"https:\/\/servicioptai.umh.es\/ca\/convocatorias\/concurso-oposicion\/concurso-oposicion-escala-tecnica-basica-de-laboratorios-perfil-bioquimico-biologico-y-biosanitario-referencia-24-165283\/","title":{"rendered":"<span lang=\"es\">(Espa\u00f1ol) Concurso oposici\u00f3n escala t\u00e9cnica b\u00e1sica de laboratorios, perfil bioqu\u00edmico, biol\u00f3gico y biosanitario, referencia 24\/165283<\/span>"},"content":{"rendered":"<p class=\"qtranxs-available-languages-message qtranxs-available-languages-message-ca\">Ho sentim, aquesta entrada es troba disponible \u00fanicament en <a href=\"https:\/\/servicioptai.umh.es\/es\/wp-json\/wp\/v2\/pages\/41240\" class=\"qtranxs-available-language-link qtranxs-available-language-link-es\" title=\"Espa\u00f1ol\">Espanyol Europeu<\/a>.<\/p>","protected":false},"excerpt":{"rendered":"<p>Ho sentim, aquesta entrada es troba disponible \u00fanicament en Espanyol Europeu.<\/p>\n","protected":false},"author":1714,"featured_media":0,"parent":30518,"menu_order":0,"comment_status":"closed","ping_status":"closed","template":"","meta":{"_links_to":"","_links_to_target":""},"_links":{"self":[{"href":"https:\/\/servicioptai.umh.es\/ca\/wp-json\/wp\/v2\/pages\/41240"}],"collection":[{"href":"https:\/\/servicioptai.umh.es\/ca\/wp-json\/wp\/v2\/pages"}],"about":[{"href":"https:\/\/servicioptai.umh.es\/ca\/wp-json\/wp\/v2\/types\/page"}],"author":[{"embeddable":true,"href":"https:\/\/servicioptai.umh.es\/ca\/wp-json\/wp\/v2\/users\/1714"}],"replies":[{"embeddable":true,"href":"https:\/\/servicioptai.umh.es\/ca\/wp-json\/wp\/v2\/comments?post=41240"}],"version-history":[{"count":0,"href":"https:\/\/servicioptai.umh.es\/ca\/wp-json\/wp\/v2\/pages\/41240\/revisions"}],"up":[{"embeddable":true,"href":"https:\/\/servicioptai.umh.es\/ca\/wp-json\/wp\/v2\/pages\/30518"}],"wp:attachment":[{"href":"https:\/\/servicioptai.umh.es\/ca\/wp-json\/wp\/v2\/media?parent=41240"}],"curies":[{"name":"wp","href":"https:\/\/api.w.org\/{rel}","templated":true}]}}