{"id":39065,"date":"2023-11-09T08:26:53","date_gmt":"2023-11-09T07:26:53","guid":{"rendered":"https:\/\/serviciopas.umh.es\/?page_id=39065"},"modified":"2024-07-11T09:38:29","modified_gmt":"2024-07-11T07:38:29","slug":"39065-2","status":"publish","type":"page","link":"https:\/\/servicioptai.umh.es\/ca\/unidad-pas\/39065-2\/","title":{"rendered":"Manual d&#8217;acolliment"},"content":{"rendered":"<p>Guia d&#8217;acolliment al nou personal t\u00e8cnic, de gesti\u00f3 i d&#8217;administraci\u00f3 i serveis:<\/p>\n<p><a href=\"https:\/\/serviciopas.umh.es\/files\/2023\/11\/MANUAL-DE-ACOGIDA-PERSONAL-TECNICO-DE-GESTION-Y-ADMINISTRACION-Y-SERVICIOS.pdf\">MANUAL D&#8217;ACOLLIMENT PERSONAL T\u00c8CNIC, DE GESTI\u00d3 I ADMINISTRACI\u00d3 I SERVEIS.PDF<img src=\"https:\/\/serviciopas.umh.es\/files\/2021\/06\/abre-en-nueva-ventana.png\" alt=\"(abre en nueva ventana)\" \/><\/a><\/p>","protected":false},"excerpt":{"rendered":"<p>Guia d&#8217;acolliment al nou personal t\u00e8cnic, de gesti\u00f3 i d&#8217;administraci\u00f3 i serveis:<br \/>\nMANUAL D&#8217;ACOLLIMENT PERSONAL T\u00c8CNIC, DE GESTI\u00d3 I ADMINISTRACI\u00d3 I SERVEIS.PDF<\/p>\n","protected":false},"author":133,"featured_media":0,"parent":205,"menu_order":1,"comment_status":"closed","ping_status":"closed","template":"","meta":{"_links_to":"","_links_to_target":""},"_links":{"self":[{"href":"https:\/\/servicioptai.umh.es\/ca\/wp-json\/wp\/v2\/pages\/39065"}],"collection":[{"href":"https:\/\/servicioptai.umh.es\/ca\/wp-json\/wp\/v2\/pages"}],"about":[{"href":"https:\/\/servicioptai.umh.es\/ca\/wp-json\/wp\/v2\/types\/page"}],"author":[{"embeddable":true,"href":"https:\/\/servicioptai.umh.es\/ca\/wp-json\/wp\/v2\/users\/133"}],"replies":[{"embeddable":true,"href":"https:\/\/servicioptai.umh.es\/ca\/wp-json\/wp\/v2\/comments?post=39065"}],"version-history":[{"count":0,"href":"https:\/\/servicioptai.umh.es\/ca\/wp-json\/wp\/v2\/pages\/39065\/revisions"}],"up":[{"embeddable":true,"href":"https:\/\/servicioptai.umh.es\/ca\/wp-json\/wp\/v2\/pages\/205"}],"wp:attachment":[{"href":"https:\/\/servicioptai.umh.es\/ca\/wp-json\/wp\/v2\/media?parent=39065"}],"curies":[{"name":"wp","href":"https:\/\/api.w.org\/{rel}","templated":true}]}}