{"id":32027,"date":"2021-07-02T10:57:57","date_gmt":"2021-07-02T08:57:57","guid":{"rendered":"https:\/\/serviciopas.umh.es\/?page_id=32027"},"modified":"2024-03-04T13:10:52","modified_gmt":"2024-03-04T12:10:52","slug":"evaluacion-del-desempeno-2","status":"publish","type":"page","link":"https:\/\/servicioptai.umh.es\/ca\/unidad-pas\/ev-desempeno-y-c-horizontal\/evaluacion-del-desempeno-2\/","title":{"rendered":"<span lang=\"es\">(Espa\u00f1ol) Evaluaci\u00f3n del Desempe\u00f1o<\/span>"},"content":{"rendered":"<p><a href=\"https:\/\/serviciopas.umh.es\/files\/2021\/07\/PROTECCI\u00d3N-DE-DATOS-DE-CAR\u00c1CTER-PERSONAL-EVD-1.pdf\">Protecci\u00f3n de datos EVD<\/a><\/p>","protected":false},"excerpt":{"rendered":"<p>Protecci\u00f3n de datos EVD<\/p>\n","protected":false},"author":382,"featured_media":0,"parent":985,"menu_order":0,"comment_status":"closed","ping_status":"closed","template":"","meta":{"_links_to":"","_links_to_target":""},"_links":{"self":[{"href":"https:\/\/servicioptai.umh.es\/ca\/wp-json\/wp\/v2\/pages\/32027"}],"collection":[{"href":"https:\/\/servicioptai.umh.es\/ca\/wp-json\/wp\/v2\/pages"}],"about":[{"href":"https:\/\/servicioptai.umh.es\/ca\/wp-json\/wp\/v2\/types\/page"}],"author":[{"embeddable":true,"href":"https:\/\/servicioptai.umh.es\/ca\/wp-json\/wp\/v2\/users\/382"}],"replies":[{"embeddable":true,"href":"https:\/\/servicioptai.umh.es\/ca\/wp-json\/wp\/v2\/comments?post=32027"}],"version-history":[{"count":0,"href":"https:\/\/servicioptai.umh.es\/ca\/wp-json\/wp\/v2\/pages\/32027\/revisions"}],"up":[{"embeddable":true,"href":"https:\/\/servicioptai.umh.es\/ca\/wp-json\/wp\/v2\/pages\/985"}],"wp:attachment":[{"href":"https:\/\/servicioptai.umh.es\/ca\/wp-json\/wp\/v2\/media?parent=32027"}],"curies":[{"name":"wp","href":"https:\/\/api.w.org\/{rel}","templated":true}]}}